{"id":118,"date":"2025-02-23T17:37:23","date_gmt":"2025-02-23T17:37:23","guid":{"rendered":"https:\/\/tour.24hviet.net\/?page_id=118"},"modified":"2025-02-23T18:02:36","modified_gmt":"2025-02-23T18:02:36","slug":"chinh-sach-di-cung-thu-cung","status":"publish","type":"page","link":"https:\/\/interbuslines.com\/en\/chinh-sach-di-cung-thu-cung\/","title":{"rendered":"Ch\u00ednh s\u00e1ch \u0111i c\u00f9ng th\u00fa c\u01b0ng"},"content":{"rendered":"<p><a href=\"https:\/\/tour.24hviet.net\/wp-content\/uploads\/2025\/02\/1638500121_thucung.png.png\"><img loading=\"lazy\" decoding=\"async\" class=\"alignnone size-full wp-image-138\" src=\"https:\/\/tour.24hviet.net\/wp-content\/uploads\/2025\/02\/1638500121_thucung.png.png\" alt=\"\" width=\"1898\" height=\"426\" srcset=\"https:\/\/interbuslines.com\/en\/wp-content\/uploads\/2025\/02\/1638500121_thucung.png.png 1898w, https:\/\/interbuslines.com\/en\/wp-content\/uploads\/2025\/02\/1638500121_thucung.png-300x67.png 300w, https:\/\/interbuslines.com\/en\/wp-content\/uploads\/2025\/02\/1638500121_thucung.png-1024x230.png 1024w, https:\/\/interbuslines.com\/en\/wp-content\/uploads\/2025\/02\/1638500121_thucung.png-768x172.png 768w, https:\/\/interbuslines.com\/en\/wp-content\/uploads\/2025\/02\/1638500121_thucung.png-1536x345.png 1536w, https:\/\/interbuslines.com\/en\/wp-content\/uploads\/2025\/02\/1638500121_thucung.png-1568x352.png 1568w\" sizes=\"auto, (max-width: 1898px) 100vw, 1898px\" \/><\/a><\/p>\n<p><strong>Quy \u0110\u1ecbnh \u0110i C\u00f9ng Th\u00fa C\u01b0ng:<\/strong><\/p>\n<p>+ Ch\u1ec9 nh\u1eadn th\u00fa c\u01b0ng t\u1eeb 3-4 Kg<\/p>\n<p>+\u00a0\u0110\u1ea3m b\u1ea3o y\u1ebfu t\u1ed1 gi\u1eef g\u00ecn v\u1ec7 sinh khi l\u00ean xe ,y\u00eau c\u1ea7u \u0111\u00f3ng b\u1ec9m cho Th\u00fa C\u01b0ng v\u00e0 cho v\u00e0o l\u1ed3ng \u0111i k\u00e8m<\/p>\n<p>+\u00a0\u0110\u1ea3m b\u1ea3o th\u00fa c\u01b0ng c\u1ee7a qu\u00fd kh\u00e1ch \u1edf \u0111i\u1ec1u ki\u1ec7n s\u1ee9c kh\u1ecfe t\u1ed1t v\u00e0 \u0111\u1ee7 s\u1ee9c kh\u1ecfe cho chuy\u1ebfn \u0111i<\/p>\n<p>+\u00a0Ch\u1ec9 \u00e1p d\u1ee5ng cho xe Cabin<\/p>\n<p>+\u00a0Gi\u00e1 v\u00e9 1 Th\u00fa C\u01b0ng \u0110i K\u00e8m s\u1ebd t\u01b0\u01a1ng \u0111\u01b0\u01a1ng 1 Ng\u01b0\u1eddi L\u1edbn<\/p>\n<p>+\u00a0Gi\u1edbi h\u1ea1n ch\u1ec9 1 Ng\u01b0\u1eddi k\u00e8m 1 Th\u00fa C\u01b0ng<\/p>\n<p><strong>Y\u00eau c\u1ea7u \u0111\u1ed1i v\u1edbi l\u1ed3ng v\u1eadn chuy\u1ec3n th\u00fa c\u01b0ng<\/strong><\/p>\n<p>\u0110\u1ec3 \u0111\u1ea3m b\u1ea3o h\u00e0nh tr\u00ecnh an to\u00e0n v\u00e0 tho\u1ea3i m\u00e1i cho th\u00fa c\u01b0ng, l\u1ed3ng v\u1eadn chuy\u1ec3n ph\u1ea3i:<\/p>\n<p>+\u00a0C\u00f3 k\u00edch th\u01b0\u1edbc ph\u00f9 h\u1ee3p. \u00a0L\u1ed3ng v\u1eadn chuy\u1ec3n ph\u1ea3i c\u00f3 \u0111\u1ee7 kh\u00f4ng gian cho th\u00fa c\u01b0ng xoay m\u00ecnh b\u00ecnh th\u01b0\u1eddng khi \u0111\u1ee9ng, \u0111\u1ec3 th\u00fa c\u01b0ng \u0111\u1ee9ng v\u00e0 ng\u1ed3i th\u1eb3ng c\u0169ng nh\u01b0 n\u1eb1m \u1edf t\u01b0 th\u1ebf t\u1ef1 nhi\u00ean.<\/p>\n<p>+\u00a0\u0110\u01b0\u1ee3c th\u00f4ng kh\u00ed t\u1ed1t. \u00a0L\u1ed3ng v\u1eadn chuy\u1ec3n ph\u1ea3i \u0111\u01b0\u1ee3c th\u00f4ng kh\u00ed \u0111\u1ea7y \u0111\u1ee7 tr\u00ean \u00edt nh\u1ea5t ba c\u1ea1nh, trong \u0111\u00f3 ph\u1ea7n l\u1edbn l\u01b0\u1ee3ng th\u00f4ng kh\u00ed l\u00e0 t\u1eeb ph\u1ea7n tr\u00ean c\u1ee7a l\u1ed3ng v\u1eadn chuy\u1ec3n.<\/p>\n<p>+\u00a0\u0110\u01b0\u1ee3c c\u1ed1 \u0111\u1ecbnh \u0111\u00fang c\u00e1ch. \u0110\u1ec3 ng\u0103n th\u00fa c\u01b0ng tho\u00e1t ra ngo\u00e0i.\u00a0<\/p>\n<p>M\u1ecdi th\u1eafc m\u1eafc vui l\u00f2ng li\u00ean h\u1ec7\u00a0<strong>Hotline: 1900.1137\u00a0<\/strong><\/p>\n","protected":false},"excerpt":{"rendered":"<p>Quy \u0110\u1ecbnh \u0110i C\u00f9ng Th\u00fa C\u01b0ng: + Ch\u1ec9 nh\u1eadn th\u00fa c\u01b0ng t\u1eeb 3-4 Kg +\u00a0\u0110\u1ea3m b\u1ea3o y\u1ebfu t\u1ed1 gi\u1eef g\u00ecn v\u1ec7 sinh khi l\u00ean xe ,y\u00eau c\u1ea7u \u0111\u00f3ng b\u1ec9m cho Th\u00fa C\u01b0ng v\u00e0 cho v\u00e0o l\u1ed3ng \u0111i k\u00e8m +\u00a0\u0110\u1ea3m b\u1ea3o th\u00fa c\u01b0ng c\u1ee7a qu\u00fd kh\u00e1ch \u1edf \u0111i\u1ec1u ki\u1ec7n s\u1ee9c kh\u1ecfe t\u1ed1t v\u00e0 \u0111\u1ee7 s\u1ee9c kh\u1ecfe&hellip; <a class=\"more-link\" href=\"https:\/\/interbuslines.com\/en\/chinh-sach-di-cung-thu-cung\/\">Continue reading <span class=\"screen-reader-text\">Ch\u00ednh s\u00e1ch \u0111i c\u00f9ng th\u00fa c\u01b0ng<\/span><\/a><\/p>\n","protected":false},"author":1,"featured_media":104,"parent":0,"menu_order":0,"comment_status":"closed","ping_status":"closed","template":"","meta":{"footnotes":""},"class_list":["post-118","page","type-page","status-publish","has-post-thumbnail","hentry","entry"],"yoast_head":"<!-- This site is optimized with the Yoast SEO plugin v24.7 - https:\/\/yoast.com\/wordpress\/plugins\/seo\/ -->\n<title>Ch\u00ednh s\u00e1ch \u0111i c\u00f9ng th\u00fa c\u01b0ng - Daily Sleeping Bus from Hanoi - Lao Cai - Sapa<\/title>\n<meta name=\"description\" content=\"Inter Bus Lines cho ph\u00e9p h\u00e0nh kh\u00e1ch mang theo th\u00fa c\u01b0ng tr\u00ean c\u00e1c chuy\u1ebfn xe cabin, v\u1edbi c\u00e1c quy \u0111\u1ecbnh c\u1ee7a nh\u00e0 xe.\" \/>\n<meta name=\"robots\" content=\"index, follow, max-snippet:-1, max-image-preview:large, max-video-preview:-1\" \/>\n<link rel=\"canonical\" href=\"https:\/\/interbuslines.com\/en\/chinh-sach-di-cung-thu-cung\/\" \/>\n<meta property=\"og:locale\" content=\"en_US\" \/>\n<meta property=\"og:type\" content=\"article\" \/>\n<meta property=\"og:title\" content=\"Ch\u00ednh s\u00e1ch \u0111i c\u00f9ng th\u00fa c\u01b0ng - Daily Sleeping Bus from Hanoi - Lao Cai - Sapa\" \/>\n<meta property=\"og:description\" content=\"Inter Bus Lines cho ph\u00e9p h\u00e0nh kh\u00e1ch mang theo th\u00fa c\u01b0ng tr\u00ean c\u00e1c chuy\u1ebfn xe cabin, v\u1edbi c\u00e1c quy \u0111\u1ecbnh c\u1ee7a nh\u00e0 xe.\" \/>\n<meta property=\"og:url\" content=\"https:\/\/interbuslines.com\/en\/chinh-sach-di-cung-thu-cung\/\" \/>\n<meta property=\"og:site_name\" content=\"Daily Sleeping Bus from Hanoi - Lao Cai - Sapa\" \/>\n<meta property=\"article:modified_time\" content=\"2025-02-23T18:02:36+00:00\" \/>\n<meta property=\"og:image\" content=\"https:\/\/interbuslines.com\/en\/wp-content\/uploads\/2025\/02\/CoverFinal254s.jpg\" \/>\n\t<meta property=\"og:image:width\" content=\"1920\" \/>\n\t<meta property=\"og:image:height\" content=\"1280\" \/>\n\t<meta property=\"og:image:type\" content=\"image\/jpeg\" \/>\n<meta name=\"twitter:card\" content=\"summary_large_image\" \/>\n<meta name=\"twitter:label1\" content=\"Est. reading time\" \/>\n\t<meta name=\"twitter:data1\" content=\"2 minutes\" \/>\n<script type=\"application\/ld+json\" class=\"yoast-schema-graph\">{\"@context\":\"https:\/\/schema.org\",\"@graph\":[{\"@type\":\"WebPage\",\"@id\":\"https:\/\/interbuslines.com\/en\/chinh-sach-di-cung-thu-cung\/\",\"url\":\"https:\/\/interbuslines.com\/en\/chinh-sach-di-cung-thu-cung\/\",\"name\":\"Ch\u00ednh s\u00e1ch \u0111i c\u00f9ng th\u00fa c\u01b0ng - Daily Sleeping Bus from Hanoi - Lao Cai - Sapa\",\"isPartOf\":{\"@id\":\"https:\/\/interbuslines.com\/en\/#website\"},\"primaryImageOfPage\":{\"@id\":\"https:\/\/interbuslines.com\/en\/chinh-sach-di-cung-thu-cung\/#primaryimage\"},\"image\":{\"@id\":\"https:\/\/interbuslines.com\/en\/chinh-sach-di-cung-thu-cung\/#primaryimage\"},\"thumbnailUrl\":\"https:\/\/interbuslines.com\/en\/wp-content\/uploads\/2025\/02\/CoverFinal254s.jpg\",\"datePublished\":\"2025-02-23T17:37:23+00:00\",\"dateModified\":\"2025-02-23T18:02:36+00:00\",\"description\":\"Inter Bus Lines cho ph\u00e9p h\u00e0nh kh\u00e1ch mang theo th\u00fa c\u01b0ng tr\u00ean c\u00e1c chuy\u1ebfn xe cabin, v\u1edbi c\u00e1c quy \u0111\u1ecbnh c\u1ee7a nh\u00e0 xe.\",\"breadcrumb\":{\"@id\":\"https:\/\/interbuslines.com\/en\/chinh-sach-di-cung-thu-cung\/#breadcrumb\"},\"inLanguage\":\"en-US\",\"potentialAction\":[{\"@type\":\"ReadAction\",\"target\":[\"https:\/\/interbuslines.com\/en\/chinh-sach-di-cung-thu-cung\/\"]}]},{\"@type\":\"ImageObject\",\"inLanguage\":\"en-US\",\"@id\":\"https:\/\/interbuslines.com\/en\/chinh-sach-di-cung-thu-cung\/#primaryimage\",\"url\":\"https:\/\/interbuslines.com\/en\/wp-content\/uploads\/2025\/02\/CoverFinal254s.jpg\",\"contentUrl\":\"https:\/\/interbuslines.com\/en\/wp-content\/uploads\/2025\/02\/CoverFinal254s.jpg\",\"width\":1920,\"height\":1280},{\"@type\":\"BreadcrumbList\",\"@id\":\"https:\/\/interbuslines.com\/en\/chinh-sach-di-cung-thu-cung\/#breadcrumb\",\"itemListElement\":[{\"@type\":\"ListItem\",\"position\":1,\"name\":\"Home\",\"item\":\"https:\/\/interbuslines.com\/en\/\"},{\"@type\":\"ListItem\",\"position\":2,\"name\":\"Ch\u00ednh s\u00e1ch \u0111i c\u00f9ng th\u00fa c\u01b0ng\"}]},{\"@type\":\"WebSite\",\"@id\":\"https:\/\/interbuslines.com\/en\/#website\",\"url\":\"https:\/\/interbuslines.com\/en\/\",\"name\":\"Daily Sleeping Bus from Hanoi - Lao Cai - Sapa\",\"description\":\"sapa , xe sapa, tour sapa\",\"publisher\":{\"@id\":\"https:\/\/interbuslines.com\/en\/#organization\"},\"potentialAction\":[{\"@type\":\"SearchAction\",\"target\":{\"@type\":\"EntryPoint\",\"urlTemplate\":\"https:\/\/interbuslines.com\/en\/?s={search_term_string}\"},\"query-input\":{\"@type\":\"PropertyValueSpecification\",\"valueRequired\":true,\"valueName\":\"search_term_string\"}}],\"inLanguage\":\"en-US\"},{\"@type\":\"Organization\",\"@id\":\"https:\/\/interbuslines.com\/en\/#organization\",\"name\":\"Daily Sleeping Bus from Hanoi - Lao Cai - Sapa\",\"url\":\"https:\/\/interbuslines.com\/en\/\",\"logo\":{\"@type\":\"ImageObject\",\"inLanguage\":\"en-US\",\"@id\":\"https:\/\/interbuslines.com\/en\/#\/schema\/logo\/image\/\",\"url\":\"https:\/\/interbuslines.com\/en\/wp-content\/uploads\/2025\/02\/cropped-Inter-Logo-Fan.png\",\"contentUrl\":\"https:\/\/interbuslines.com\/en\/wp-content\/uploads\/2025\/02\/cropped-Inter-Logo-Fan.png\",\"width\":1708,\"height\":1703,\"caption\":\"Daily Sleeping Bus from Hanoi - Lao Cai - Sapa\"},\"image\":{\"@id\":\"https:\/\/interbuslines.com\/en\/#\/schema\/logo\/image\/\"}}]}<\/script>\n<!-- \/ Yoast SEO plugin. -->","yoast_head_json":{"title":"Ch\u00ednh s\u00e1ch \u0111i c\u00f9ng th\u00fa c\u01b0ng - Daily Sleeping Bus from Hanoi - Lao Cai - Sapa","description":"Inter Bus Lines cho ph\u00e9p h\u00e0nh kh\u00e1ch mang theo th\u00fa c\u01b0ng tr\u00ean c\u00e1c chuy\u1ebfn xe cabin, v\u1edbi c\u00e1c quy \u0111\u1ecbnh c\u1ee7a nh\u00e0 xe.","robots":{"index":"index","follow":"follow","max-snippet":"max-snippet:-1","max-image-preview":"max-image-preview:large","max-video-preview":"max-video-preview:-1"},"canonical":"https:\/\/interbuslines.com\/en\/chinh-sach-di-cung-thu-cung\/","og_locale":"en_US","og_type":"article","og_title":"Ch\u00ednh s\u00e1ch \u0111i c\u00f9ng th\u00fa c\u01b0ng - Daily Sleeping Bus from Hanoi - Lao Cai - Sapa","og_description":"Inter Bus Lines cho ph\u00e9p h\u00e0nh kh\u00e1ch mang theo th\u00fa c\u01b0ng tr\u00ean c\u00e1c chuy\u1ebfn xe cabin, v\u1edbi c\u00e1c quy \u0111\u1ecbnh c\u1ee7a nh\u00e0 xe.","og_url":"https:\/\/interbuslines.com\/en\/chinh-sach-di-cung-thu-cung\/","og_site_name":"Daily Sleeping Bus from Hanoi - Lao Cai - Sapa","article_modified_time":"2025-02-23T18:02:36+00:00","og_image":[{"width":1920,"height":1280,"url":"https:\/\/interbuslines.com\/en\/wp-content\/uploads\/2025\/02\/CoverFinal254s.jpg","type":"image\/jpeg"}],"twitter_card":"summary_large_image","twitter_misc":{"Est. reading time":"2 minutes"},"schema":{"@context":"https:\/\/schema.org","@graph":[{"@type":"WebPage","@id":"https:\/\/interbuslines.com\/en\/chinh-sach-di-cung-thu-cung\/","url":"https:\/\/interbuslines.com\/en\/chinh-sach-di-cung-thu-cung\/","name":"Ch\u00ednh s\u00e1ch \u0111i c\u00f9ng th\u00fa c\u01b0ng - Daily Sleeping Bus from Hanoi - Lao Cai - Sapa","isPartOf":{"@id":"https:\/\/interbuslines.com\/en\/#website"},"primaryImageOfPage":{"@id":"https:\/\/interbuslines.com\/en\/chinh-sach-di-cung-thu-cung\/#primaryimage"},"image":{"@id":"https:\/\/interbuslines.com\/en\/chinh-sach-di-cung-thu-cung\/#primaryimage"},"thumbnailUrl":"https:\/\/interbuslines.com\/en\/wp-content\/uploads\/2025\/02\/CoverFinal254s.jpg","datePublished":"2025-02-23T17:37:23+00:00","dateModified":"2025-02-23T18:02:36+00:00","description":"Inter Bus Lines cho ph\u00e9p h\u00e0nh kh\u00e1ch mang theo th\u00fa c\u01b0ng tr\u00ean c\u00e1c chuy\u1ebfn xe cabin, v\u1edbi c\u00e1c quy \u0111\u1ecbnh c\u1ee7a nh\u00e0 xe.","breadcrumb":{"@id":"https:\/\/interbuslines.com\/en\/chinh-sach-di-cung-thu-cung\/#breadcrumb"},"inLanguage":"en-US","potentialAction":[{"@type":"ReadAction","target":["https:\/\/interbuslines.com\/en\/chinh-sach-di-cung-thu-cung\/"]}]},{"@type":"ImageObject","inLanguage":"en-US","@id":"https:\/\/interbuslines.com\/en\/chinh-sach-di-cung-thu-cung\/#primaryimage","url":"https:\/\/interbuslines.com\/en\/wp-content\/uploads\/2025\/02\/CoverFinal254s.jpg","contentUrl":"https:\/\/interbuslines.com\/en\/wp-content\/uploads\/2025\/02\/CoverFinal254s.jpg","width":1920,"height":1280},{"@type":"BreadcrumbList","@id":"https:\/\/interbuslines.com\/en\/chinh-sach-di-cung-thu-cung\/#breadcrumb","itemListElement":[{"@type":"ListItem","position":1,"name":"Home","item":"https:\/\/interbuslines.com\/en\/"},{"@type":"ListItem","position":2,"name":"Ch\u00ednh s\u00e1ch \u0111i c\u00f9ng th\u00fa c\u01b0ng"}]},{"@type":"WebSite","@id":"https:\/\/interbuslines.com\/en\/#website","url":"https:\/\/interbuslines.com\/en\/","name":"Daily Sleeping Bus from Hanoi - Lao Cai - Sapa","description":"sapa , xe sapa, tour sapa","publisher":{"@id":"https:\/\/interbuslines.com\/en\/#organization"},"potentialAction":[{"@type":"SearchAction","target":{"@type":"EntryPoint","urlTemplate":"https:\/\/interbuslines.com\/en\/?s={search_term_string}"},"query-input":{"@type":"PropertyValueSpecification","valueRequired":true,"valueName":"search_term_string"}}],"inLanguage":"en-US"},{"@type":"Organization","@id":"https:\/\/interbuslines.com\/en\/#organization","name":"Daily Sleeping Bus from Hanoi - Lao Cai - Sapa","url":"https:\/\/interbuslines.com\/en\/","logo":{"@type":"ImageObject","inLanguage":"en-US","@id":"https:\/\/interbuslines.com\/en\/#\/schema\/logo\/image\/","url":"https:\/\/interbuslines.com\/en\/wp-content\/uploads\/2025\/02\/cropped-Inter-Logo-Fan.png","contentUrl":"https:\/\/interbuslines.com\/en\/wp-content\/uploads\/2025\/02\/cropped-Inter-Logo-Fan.png","width":1708,"height":1703,"caption":"Daily Sleeping Bus from Hanoi - Lao Cai - Sapa"},"image":{"@id":"https:\/\/interbuslines.com\/en\/#\/schema\/logo\/image\/"}}]}},"_links":{"self":[{"href":"https:\/\/interbuslines.com\/en\/wp-json\/wp\/v2\/pages\/118","targetHints":{"allow":["GET"]}}],"collection":[{"href":"https:\/\/interbuslines.com\/en\/wp-json\/wp\/v2\/pages"}],"about":[{"href":"https:\/\/interbuslines.com\/en\/wp-json\/wp\/v2\/types\/page"}],"author":[{"embeddable":true,"href":"https:\/\/interbuslines.com\/en\/wp-json\/wp\/v2\/users\/1"}],"replies":[{"embeddable":true,"href":"https:\/\/interbuslines.com\/en\/wp-json\/wp\/v2\/comments?post=118"}],"version-history":[{"count":3,"href":"https:\/\/interbuslines.com\/en\/wp-json\/wp\/v2\/pages\/118\/revisions"}],"predecessor-version":[{"id":140,"href":"https:\/\/interbuslines.com\/en\/wp-json\/wp\/v2\/pages\/118\/revisions\/140"}],"wp:featuredmedia":[{"embeddable":true,"href":"https:\/\/interbuslines.com\/en\/wp-json\/wp\/v2\/media\/104"}],"wp:attachment":[{"href":"https:\/\/interbuslines.com\/en\/wp-json\/wp\/v2\/media?parent=118"}],"curies":[{"name":"wp","href":"https:\/\/api.w.org\/{rel}","templated":true}]}}