{"id":176,"date":"2025-03-26T09:23:05","date_gmt":"2025-03-26T09:23:05","guid":{"rendered":"https:\/\/interbuslines.com\/en\/?page_id=176"},"modified":"2025-03-29T16:52:36","modified_gmt":"2025-03-29T16:52:36","slug":"complaint-process","status":"publish","type":"page","link":"https:\/\/interbuslines.com\/en\/complaint-process\/","title":{"rendered":"Complaint Process"},"content":{"rendered":"<p><em>At Inter Bus Lines, we value customer feedback and take complaints seriously. If you experience any issues during your journey, please follow the steps below to file a complaint:<\/em><\/p>\n<p><strong>SUBJECT TO INTER BUS LINES SETTLEMENT OF COMPLAINTS,<\/strong><\/p>\n<p>&#8211; Customers, partners, agents, shippers<\/p>\n<p>&#8211; Lawful heirs and authorized persons of the above-mentioned persons.<\/p>\n<p><strong>ADDRESS FOR COMPLAINTS<\/strong><\/p>\n<p>Please send a complaint letter, call or contact via the following information channels:<\/p>\n<p><strong>Email:\u00a0<\/strong>info@interbuslines.com<\/p>\n<p><strong>Hotline:\u00a0<\/strong>1900.1137<\/p>\n<p>Inter Bus Lines Hanoi office: BT01, TT3B, T\u00e2y Nam Linh \u0110\u00e0m, Ho\u00e0ng Li\u1ec7t ,Ho\u00e0ng Mai, H\u00e0 N\u1ed9i<\/p>\n<p>Inter Bus Lines Sapa Office: No. 436 Dien Bien Phu, Sapa Town, Lao Cai<\/p>\n<p><strong>Step 1: Receive the complaint file<\/strong><\/p>\n<p>Customers can complain, inquire about service-related issues via text, email, phone or directly at the Company. These issues are received by the complaint-receiving and handling unit.<\/p>\n<p>Note: Contents detailing the incident, time, or attaching relevant evidence such as photos and videos from security cameras (if any)<\/p>\n<p><strong>Step 2: Verify information<\/strong><\/p>\n<p>Within 05 working days after receiving the complaint (excluding Saturday, Sunday and public holidays, Tet), Inter Bus Lines will check and confirm the complaint and respond to the relevant parties. authority and reserves the right to request information.<\/p>\n<p><strong>Case 1:<\/strong>\u00a0Invalid claim claim (Ex: no proof-witnesses, no specific reason,&#8230;) =&gt;<strong>\u00a0Inter Bus Lines Customer Service\u00a0<\/strong>notifies Customer about invalid claim rate.<\/p>\n<p><strong>Case 2:<\/strong>\u00a0Valid complaint request (Ex: clear picture, witness, good reason, &#8230;). =&gt; \u00a0<strong>Inter Bus Lines Customer Service\u00a0<\/strong>proceed to the next step.<\/p>\n<p><strong>Step 3: Consider complaint settlement<\/strong><\/p>\n<p>Within the next 5 days (excluding Saturday, Sunday and public holidays and New Year), from the date of verification of correct information, Inter Bus Lines will conduct support to work with relevant parties, after then make the final decision and notify the Customer.<\/p>\n<p>Inter Bus Lines always aims to solve all problems based on discussion, analysis and negotiation. For the parties involved, during the settlement process, it is requested that the parties not publicize any information about the complaint or related to the complaint on social sites and the media.<\/p>\n<p>In case of a conflict or complaint of a serious nature that cannot be resolved by mediation, the complainant (Customer, Partner Employee) submits an application to the competent legal authorities to intervene, Inter Bus Lines will coordinate with state agencies in case it needs to provide documents and information of relevant parties.<\/p>\n<p>In case of conflicting service transactions related to the violation of the Code of Conduct of Sales Executives, Drivers, Operators, Inter Bus Lines will apply the agreed corresponding handling measures. agreement and commitment.<\/p>\n<p><strong>Maximum settlement time for conflicts, disputes and complaints:<\/strong><\/p>\n<p>The parties must notify the problem within 7 days from the end of the work (excluding Saturday, Sunday and public holidays, Tet). Inter Bus Lines reserves the right to refuse to settle the complaint if the above time limit is exceeded.<\/p>\n<p>The maximum time to resolve normal problems is 7 days from the date of receipt of information by Inter Bus Lines (excluding Saturdays, Sundays and public holidays, Tet)<\/p>\n<p>The maximum support time to solve serious problems is 1 month from the date Inter Bus Lines receives the information (excluding Saturdays, Sundays and public holidays, Tet).<\/p>\n<p><strong>Note:<\/strong>\u00a0In case the Complainant (Customer, Maid, Partner) cannot be contacted for more than 3 days from the time of receiving the complaint information, Inter Bus Lines has the right to send a notice of refusal by email. resolve complaints.<\/p>\n<p><strong>Step 4:<\/strong>\u00a0End the complaint<\/p>\n<p>All information, records, evidence related to the conflict, dispute complaint will be saved and completed to close the complaint.<\/p>\n","protected":false},"excerpt":{"rendered":"<p>At Inter Bus Lines, we value customer feedback and take complaints seriously. If you experience any issues during your journey, please follow the steps below to file a complaint: SUBJECT TO INTER BUS LINES SETTLEMENT OF COMPLAINTS, &#8211; Customers, partners, agents, shippers &#8211; Lawful heirs and authorized persons of the above-mentioned persons. ADDRESS FOR COMPLAINTS&hellip; <a class=\"more-link\" href=\"https:\/\/interbuslines.com\/en\/complaint-process\/\">Continue reading <span class=\"screen-reader-text\">Complaint Process<\/span><\/a><\/p>\n","protected":false},"author":1,"featured_media":242,"parent":0,"menu_order":0,"comment_status":"closed","ping_status":"closed","template":"","meta":{"footnotes":""},"class_list":["post-176","page","type-page","status-publish","has-post-thumbnail","hentry","entry"],"yoast_head":"<!-- This site is optimized with the Yoast SEO plugin v24.7 - https:\/\/yoast.com\/wordpress\/plugins\/seo\/ -->\n<title>Complaint Process - Daily Sleeping Bus from Hanoi - Lao Cai - Sapa<\/title>\n<meta name=\"description\" content=\"At Inter Bus Lines, we value customer feedback and take complaints seriously\" \/>\n<meta name=\"robots\" content=\"index, follow, max-snippet:-1, max-image-preview:large, max-video-preview:-1\" \/>\n<link rel=\"canonical\" href=\"https:\/\/interbuslines.com\/en\/complaint-process\/\" \/>\n<meta property=\"og:locale\" content=\"en_US\" \/>\n<meta property=\"og:type\" content=\"article\" \/>\n<meta property=\"og:title\" content=\"Complaint Process - Daily Sleeping Bus from Hanoi - Lao Cai - Sapa\" \/>\n<meta property=\"og:description\" content=\"At Inter Bus Lines, we value customer feedback and take complaints seriously\" \/>\n<meta property=\"og:url\" content=\"https:\/\/interbuslines.com\/en\/complaint-process\/\" \/>\n<meta property=\"og:site_name\" content=\"Daily Sleeping Bus from Hanoi - Lao Cai - Sapa\" \/>\n<meta property=\"article:modified_time\" content=\"2025-03-29T16:52:36+00:00\" \/>\n<meta property=\"og:image\" content=\"https:\/\/interbuslines.com\/en\/wp-content\/uploads\/2025\/03\/1652276432_thumpwebintercomplaint.jpg.jpg\" \/>\n\t<meta property=\"og:image:width\" content=\"660\" \/>\n\t<meta property=\"og:image:height\" content=\"463\" \/>\n\t<meta property=\"og:image:type\" content=\"image\/jpeg\" \/>\n<meta name=\"twitter:card\" content=\"summary_large_image\" \/>\n<meta name=\"twitter:label1\" content=\"Est. reading time\" \/>\n\t<meta name=\"twitter:data1\" content=\"3 minutes\" \/>\n<script type=\"application\/ld+json\" class=\"yoast-schema-graph\">{\"@context\":\"https:\/\/schema.org\",\"@graph\":[{\"@type\":\"WebPage\",\"@id\":\"https:\/\/interbuslines.com\/en\/complaint-process\/\",\"url\":\"https:\/\/interbuslines.com\/en\/complaint-process\/\",\"name\":\"Complaint Process - Daily Sleeping Bus from Hanoi - Lao Cai - Sapa\",\"isPartOf\":{\"@id\":\"https:\/\/interbuslines.com\/en\/#website\"},\"primaryImageOfPage\":{\"@id\":\"https:\/\/interbuslines.com\/en\/complaint-process\/#primaryimage\"},\"image\":{\"@id\":\"https:\/\/interbuslines.com\/en\/complaint-process\/#primaryimage\"},\"thumbnailUrl\":\"https:\/\/interbuslines.com\/en\/wp-content\/uploads\/2025\/03\/1652276432_thumpwebintercomplaint.jpg.jpg\",\"datePublished\":\"2025-03-26T09:23:05+00:00\",\"dateModified\":\"2025-03-29T16:52:36+00:00\",\"description\":\"At Inter Bus Lines, we value customer feedback and take complaints seriously\",\"breadcrumb\":{\"@id\":\"https:\/\/interbuslines.com\/en\/complaint-process\/#breadcrumb\"},\"inLanguage\":\"en-US\",\"potentialAction\":[{\"@type\":\"ReadAction\",\"target\":[\"https:\/\/interbuslines.com\/en\/complaint-process\/\"]}]},{\"@type\":\"ImageObject\",\"inLanguage\":\"en-US\",\"@id\":\"https:\/\/interbuslines.com\/en\/complaint-process\/#primaryimage\",\"url\":\"https:\/\/interbuslines.com\/en\/wp-content\/uploads\/2025\/03\/1652276432_thumpwebintercomplaint.jpg.jpg\",\"contentUrl\":\"https:\/\/interbuslines.com\/en\/wp-content\/uploads\/2025\/03\/1652276432_thumpwebintercomplaint.jpg.jpg\",\"width\":660,\"height\":463},{\"@type\":\"BreadcrumbList\",\"@id\":\"https:\/\/interbuslines.com\/en\/complaint-process\/#breadcrumb\",\"itemListElement\":[{\"@type\":\"ListItem\",\"position\":1,\"name\":\"Home\",\"item\":\"https:\/\/interbuslines.com\/en\/\"},{\"@type\":\"ListItem\",\"position\":2,\"name\":\"Complaint Process\"}]},{\"@type\":\"WebSite\",\"@id\":\"https:\/\/interbuslines.com\/en\/#website\",\"url\":\"https:\/\/interbuslines.com\/en\/\",\"name\":\"Daily Sleeping Bus from Hanoi - Lao Cai - Sapa\",\"description\":\"sapa , xe sapa, tour sapa\",\"publisher\":{\"@id\":\"https:\/\/interbuslines.com\/en\/#organization\"},\"potentialAction\":[{\"@type\":\"SearchAction\",\"target\":{\"@type\":\"EntryPoint\",\"urlTemplate\":\"https:\/\/interbuslines.com\/en\/?s={search_term_string}\"},\"query-input\":{\"@type\":\"PropertyValueSpecification\",\"valueRequired\":true,\"valueName\":\"search_term_string\"}}],\"inLanguage\":\"en-US\"},{\"@type\":\"Organization\",\"@id\":\"https:\/\/interbuslines.com\/en\/#organization\",\"name\":\"Daily Sleeping Bus from Hanoi - Lao Cai - Sapa\",\"url\":\"https:\/\/interbuslines.com\/en\/\",\"logo\":{\"@type\":\"ImageObject\",\"inLanguage\":\"en-US\",\"@id\":\"https:\/\/interbuslines.com\/en\/#\/schema\/logo\/image\/\",\"url\":\"https:\/\/interbuslines.com\/en\/wp-content\/uploads\/2025\/02\/cropped-Inter-Logo-Fan.png\",\"contentUrl\":\"https:\/\/interbuslines.com\/en\/wp-content\/uploads\/2025\/02\/cropped-Inter-Logo-Fan.png\",\"width\":1708,\"height\":1703,\"caption\":\"Daily Sleeping Bus from Hanoi - Lao Cai - Sapa\"},\"image\":{\"@id\":\"https:\/\/interbuslines.com\/en\/#\/schema\/logo\/image\/\"}}]}<\/script>\n<!-- \/ Yoast SEO plugin. -->","yoast_head_json":{"title":"Complaint Process - Daily Sleeping Bus from Hanoi - Lao Cai - Sapa","description":"At Inter Bus Lines, we value customer feedback and take complaints seriously","robots":{"index":"index","follow":"follow","max-snippet":"max-snippet:-1","max-image-preview":"max-image-preview:large","max-video-preview":"max-video-preview:-1"},"canonical":"https:\/\/interbuslines.com\/en\/complaint-process\/","og_locale":"en_US","og_type":"article","og_title":"Complaint Process - Daily Sleeping Bus from Hanoi - Lao Cai - Sapa","og_description":"At Inter Bus Lines, we value customer feedback and take complaints seriously","og_url":"https:\/\/interbuslines.com\/en\/complaint-process\/","og_site_name":"Daily Sleeping Bus from Hanoi - Lao Cai - Sapa","article_modified_time":"2025-03-29T16:52:36+00:00","og_image":[{"width":660,"height":463,"url":"https:\/\/interbuslines.com\/en\/wp-content\/uploads\/2025\/03\/1652276432_thumpwebintercomplaint.jpg.jpg","type":"image\/jpeg"}],"twitter_card":"summary_large_image","twitter_misc":{"Est. reading time":"3 minutes"},"schema":{"@context":"https:\/\/schema.org","@graph":[{"@type":"WebPage","@id":"https:\/\/interbuslines.com\/en\/complaint-process\/","url":"https:\/\/interbuslines.com\/en\/complaint-process\/","name":"Complaint Process - Daily Sleeping Bus from Hanoi - Lao Cai - Sapa","isPartOf":{"@id":"https:\/\/interbuslines.com\/en\/#website"},"primaryImageOfPage":{"@id":"https:\/\/interbuslines.com\/en\/complaint-process\/#primaryimage"},"image":{"@id":"https:\/\/interbuslines.com\/en\/complaint-process\/#primaryimage"},"thumbnailUrl":"https:\/\/interbuslines.com\/en\/wp-content\/uploads\/2025\/03\/1652276432_thumpwebintercomplaint.jpg.jpg","datePublished":"2025-03-26T09:23:05+00:00","dateModified":"2025-03-29T16:52:36+00:00","description":"At Inter Bus Lines, we value customer feedback and take complaints seriously","breadcrumb":{"@id":"https:\/\/interbuslines.com\/en\/complaint-process\/#breadcrumb"},"inLanguage":"en-US","potentialAction":[{"@type":"ReadAction","target":["https:\/\/interbuslines.com\/en\/complaint-process\/"]}]},{"@type":"ImageObject","inLanguage":"en-US","@id":"https:\/\/interbuslines.com\/en\/complaint-process\/#primaryimage","url":"https:\/\/interbuslines.com\/en\/wp-content\/uploads\/2025\/03\/1652276432_thumpwebintercomplaint.jpg.jpg","contentUrl":"https:\/\/interbuslines.com\/en\/wp-content\/uploads\/2025\/03\/1652276432_thumpwebintercomplaint.jpg.jpg","width":660,"height":463},{"@type":"BreadcrumbList","@id":"https:\/\/interbuslines.com\/en\/complaint-process\/#breadcrumb","itemListElement":[{"@type":"ListItem","position":1,"name":"Home","item":"https:\/\/interbuslines.com\/en\/"},{"@type":"ListItem","position":2,"name":"Complaint Process"}]},{"@type":"WebSite","@id":"https:\/\/interbuslines.com\/en\/#website","url":"https:\/\/interbuslines.com\/en\/","name":"Daily Sleeping Bus from Hanoi - Lao Cai - Sapa","description":"sapa , xe sapa, tour sapa","publisher":{"@id":"https:\/\/interbuslines.com\/en\/#organization"},"potentialAction":[{"@type":"SearchAction","target":{"@type":"EntryPoint","urlTemplate":"https:\/\/interbuslines.com\/en\/?s={search_term_string}"},"query-input":{"@type":"PropertyValueSpecification","valueRequired":true,"valueName":"search_term_string"}}],"inLanguage":"en-US"},{"@type":"Organization","@id":"https:\/\/interbuslines.com\/en\/#organization","name":"Daily Sleeping Bus from Hanoi - Lao Cai - Sapa","url":"https:\/\/interbuslines.com\/en\/","logo":{"@type":"ImageObject","inLanguage":"en-US","@id":"https:\/\/interbuslines.com\/en\/#\/schema\/logo\/image\/","url":"https:\/\/interbuslines.com\/en\/wp-content\/uploads\/2025\/02\/cropped-Inter-Logo-Fan.png","contentUrl":"https:\/\/interbuslines.com\/en\/wp-content\/uploads\/2025\/02\/cropped-Inter-Logo-Fan.png","width":1708,"height":1703,"caption":"Daily Sleeping Bus from Hanoi - Lao Cai - Sapa"},"image":{"@id":"https:\/\/interbuslines.com\/en\/#\/schema\/logo\/image\/"}}]}},"_links":{"self":[{"href":"https:\/\/interbuslines.com\/en\/wp-json\/wp\/v2\/pages\/176","targetHints":{"allow":["GET"]}}],"collection":[{"href":"https:\/\/interbuslines.com\/en\/wp-json\/wp\/v2\/pages"}],"about":[{"href":"https:\/\/interbuslines.com\/en\/wp-json\/wp\/v2\/types\/page"}],"author":[{"embeddable":true,"href":"https:\/\/interbuslines.com\/en\/wp-json\/wp\/v2\/users\/1"}],"replies":[{"embeddable":true,"href":"https:\/\/interbuslines.com\/en\/wp-json\/wp\/v2\/comments?post=176"}],"version-history":[{"count":3,"href":"https:\/\/interbuslines.com\/en\/wp-json\/wp\/v2\/pages\/176\/revisions"}],"predecessor-version":[{"id":244,"href":"https:\/\/interbuslines.com\/en\/wp-json\/wp\/v2\/pages\/176\/revisions\/244"}],"wp:featuredmedia":[{"embeddable":true,"href":"https:\/\/interbuslines.com\/en\/wp-json\/wp\/v2\/media\/242"}],"wp:attachment":[{"href":"https:\/\/interbuslines.com\/en\/wp-json\/wp\/v2\/media?parent=176"}],"curies":[{"name":"wp","href":"https:\/\/api.w.org\/{rel}","templated":true}]}}