{"id":18,"date":"2025-02-12T09:24:54","date_gmt":"2025-02-12T09:24:54","guid":{"rendered":"https:\/\/tour.24hviet.net\/?page_id=18"},"modified":"2025-02-24T02:16:40","modified_gmt":"2025-02-24T02:16:40","slug":"contact-us","status":"publish","type":"page","link":"https:\/\/interbuslines.com\/en\/contact-us\/","title":{"rendered":"Contact us"},"content":{"rendered":"<p><a href=\"https:\/\/tour.24hviet.net\/wp-content\/uploads\/2025\/02\/1649923055_1638450881_hotline-hotro-slid.jpg.jpg\"><img loading=\"lazy\" decoding=\"async\" class=\"alignnone size-full wp-image-145\" src=\"https:\/\/tour.24hviet.net\/wp-content\/uploads\/2025\/02\/1649923055_1638450881_hotline-hotro-slid.jpg.jpg\" alt=\"\" width=\"1440\" height=\"480\" srcset=\"https:\/\/interbuslines.com\/en\/wp-content\/uploads\/2025\/02\/1649923055_1638450881_hotline-hotro-slid.jpg.jpg 1440w, https:\/\/interbuslines.com\/en\/wp-content\/uploads\/2025\/02\/1649923055_1638450881_hotline-hotro-slid.jpg-300x100.jpg 300w, https:\/\/interbuslines.com\/en\/wp-content\/uploads\/2025\/02\/1649923055_1638450881_hotline-hotro-slid.jpg-1024x341.jpg 1024w, https:\/\/interbuslines.com\/en\/wp-content\/uploads\/2025\/02\/1649923055_1638450881_hotline-hotro-slid.jpg-768x256.jpg 768w\" sizes=\"auto, (max-width: 1440px) 100vw, 1440px\" \/><\/a><\/p>\n<p>B\u1ea1n \u0111ang c\u1ea7n h\u1ed7 tr\u1ee3 , t\u01b0 v\u1ea5n \u0111\u1eb7t V\u00e9 Xe , Tour Du L\u1ecbch Sapa ?!! Li\u00ean H\u1ec7 Inter Bus ngay tr\u00ean m\u1ecdi n\u1ec1n t\u1ea3ng online !<\/p>\n<p><strong>Hotline:\u00a0<\/strong>1900.1137<\/p>\n<p><strong>VP H\u00e0 N\u1ed9i:<\/strong>\u00a00886 385 577 &amp; 0886 395 577 &amp; 0868 519 777<\/p>\n<p><strong>VP Sapa:<\/strong>\u00a00886 805 577 &amp; 0868 523 777<\/p>\n<p><strong>Website:\u00a0<\/strong><span style=\"color: #0000ff;\"><a style=\"color: #0000ff;\" href=\"https:\/\/interbuslines.com\/\">https:\/\/interbuslines.com\/<\/a><\/span><\/p>\n<p><strong>Email:<\/strong>\u00a0<span style=\"color: #0000ff;\">info@interbuslines.com<\/span><\/p>\n<p><strong>Messenger:<\/strong>\u00a0<span style=\"color: #0000ff;\"><a style=\"color: #0000ff;\" href=\"https:\/\/interbuslines.com\/tin-tuc\/18998\/m.me\/interbuslinesvn\">m.me\/interbuslinesvn<\/a><\/span><\/p>\n<p><strong>Facebook:<\/strong>\u00a0<span style=\"color: #0000ff;\"><a style=\"color: #0000ff;\" href=\"https:\/\/www.facebook.com\/interbuslinesvn\">https:\/\/www.facebook.com\/interbuslinesvn<\/a><\/span><\/p>\n<p><strong>Google Business V\u0103n Ph\u00f2ng H\u00e0 N\u1ed9i:<\/strong><span style=\"color: #0000ff;\">\u00a0<a class=\"ck-link_selected\" style=\"color: #0000ff;\" href=\"https:\/\/g.page\/r\/CQR3BLM01KzWEAE\">https:\/\/g.page\/r\/CQR3BLM01KzWEAE<\/a>\u00a0<\/span><\/p>\n<p><strong>Google Business V\u0103n Ph\u00f2ng Sapa , L\u00e0o Cai:<span style=\"color: #0000ff;\">\u00a0<\/span><\/strong><span style=\"color: #0000ff;\"><a style=\"color: #0000ff;\" href=\"https:\/\/g.page\/r\/CRYaglpKTsOwEAE\">https:\/\/g.page\/r\/CRYaglpKTsOwEAE<\/a>\u00a0<\/span><\/p>\n<p><strong>Zalo: \u00a0<\/strong><span style=\"color: #0000ff;\"><a style=\"color: #0000ff;\" href=\"https:\/\/zalo.me\/260433655757508580\">https:\/\/zalo.me\/260433655757508580<\/a><\/span><\/p>\n<p><strong>Instragram:<\/strong>\u00a0<span style=\"color: #0000ff;\"><a style=\"color: #0000ff;\" href=\"https:\/\/www.instagram.com\/interbuslinessapa\/\">https:\/\/www.instagram.com\/interbuslinessapa\/<\/a><\/span><\/p>\n<p><strong>Youtube:\u00a0<\/strong><span style=\"color: #0000ff;\"><a style=\"color: #0000ff;\" href=\"https:\/\/www.youtube.com\/channel\/UCQ_kR33CbWAJZsZ3QWfDFMw\">https:\/\/www.youtube.com\/channel\/UCQ_kR33CbWAJZsZ3QWfDFMw<\/a><\/span><\/p>\n<p><strong>Twitter:<\/strong>\u00a0<span style=\"color: #0000ff;\"><a style=\"color: #0000ff;\" href=\"https:\/\/twitter.com\/interbuslines\">https:\/\/twitter.com\/interbuslines<\/a><\/span><\/p>\n<p><strong>Pinteres:<\/strong>\u00a0<span style=\"color: #0000ff;\"><a style=\"color: #0000ff;\" href=\"https:\/\/www.pinterest.com\/interbuslinesom\">https:\/\/www.pinterest.com\/interbuslinesom<\/a>\u00a0<\/span><\/p>\n<p><strong>Link Xem \u1ea2nh S\u1ea3n Ph\u1ea9m Inter Bus Online<\/strong><\/p>\n<p><strong>Google Drive:\u00a0<\/strong><span style=\"color: #0000ff;\"><a style=\"color: #0000ff;\" href=\"https:\/\/bit.ly\/interbuslines\">https:\/\/bit.ly\/interbuslines<\/a>\u00a0<\/span><\/p>\n<p><strong>FlickR:<\/strong>\u00a0<span style=\"color: #0000ff;\"><a style=\"color: #0000ff;\" href=\"https:\/\/www.flickr.com\/photos\/interbuslines\/albums\">https:\/\/www.flickr.com\/photos\/interbuslines\/albums<\/a><\/span><\/p>\n<p><strong>VP HN:\u00a0<\/strong>S\u1ed1 1 Bi\u1ec7t Th\u1ef1 04 , Ph\u1ed1 Nam S\u01a1n , B\u00e1n \u0110\u1ea3o Linh \u0110\u00e0m , Ho\u00e0ng Li\u1ec7t , Ho\u00e0ng Mai (C\u1ea1nh Cafe Nh\u1ea5t Long)<\/p>\n<p><strong>VP Sapa<\/strong>: S\u1ed1 436 \u00a0\u0110i\u1ec7n Bi\u00ean Ph\u1ee7, Th\u1ecb X\u00e3 Sapa, T\u1ec9nh L\u00e0o Cai.<\/p>\n","protected":false},"excerpt":{"rendered":"<p>B\u1ea1n \u0111ang c\u1ea7n h\u1ed7 tr\u1ee3 , t\u01b0 v\u1ea5n \u0111\u1eb7t V\u00e9 Xe , Tour Du L\u1ecbch Sapa ?!! Li\u00ean H\u1ec7 Inter Bus ngay tr\u00ean m\u1ecdi n\u1ec1n t\u1ea3ng online ! Hotline:\u00a01900.1137 VP H\u00e0 N\u1ed9i:\u00a00886 385 577 &amp; 0886 395 577 &amp; 0868 519 777 VP Sapa:\u00a00886 805 577 &amp; 0868 523 777 Website:\u00a0https:\/\/interbuslines.com\/ Email:\u00a0info@interbuslines.com Messenger:\u00a0m.me\/interbuslinesvn Facebook:\u00a0https:\/\/www.facebook.com\/interbuslinesvn Google&hellip; <a class=\"more-link\" href=\"https:\/\/interbuslines.com\/en\/contact-us\/\">Continue reading <span class=\"screen-reader-text\">Contact us<\/span><\/a><\/p>\n","protected":false},"author":1,"featured_media":103,"parent":0,"menu_order":0,"comment_status":"closed","ping_status":"closed","template":"temp_contact.php","meta":{"footnotes":""},"class_list":["post-18","page","type-page","status-publish","has-post-thumbnail","hentry","entry"],"yoast_head":"<!-- This site is optimized with the Yoast SEO plugin v24.7 - https:\/\/yoast.com\/wordpress\/plugins\/seo\/ -->\n<title>Contact us - Daily Sleeping Bus from Hanoi - Lao Cai - Sapa<\/title>\n<meta name=\"description\" content=\"B\u1ea1n \u0111ang c\u1ea7n h\u1ed7 tr\u1ee3 , t\u01b0 v\u1ea5n \u0111\u1eb7t V\u00e9 Xe , Tour Du L\u1ecbch Sapa ?!! Li\u00ean H\u1ec7 Inter Bus ngay tr\u00ean m\u1ecdi n\u1ec1n t\u1ea3ng online !\" \/>\n<meta name=\"robots\" content=\"index, follow, max-snippet:-1, max-image-preview:large, max-video-preview:-1\" \/>\n<link rel=\"canonical\" href=\"https:\/\/interbuslines.com\/en\/contact-us\/\" \/>\n<meta property=\"og:locale\" content=\"en_US\" \/>\n<meta property=\"og:type\" content=\"article\" \/>\n<meta property=\"og:title\" content=\"Contact us - Daily Sleeping Bus from Hanoi - Lao Cai - Sapa\" \/>\n<meta property=\"og:description\" content=\"B\u1ea1n \u0111ang c\u1ea7n h\u1ed7 tr\u1ee3 , t\u01b0 v\u1ea5n \u0111\u1eb7t V\u00e9 Xe , Tour Du L\u1ecbch Sapa ?!! Li\u00ean H\u1ec7 Inter Bus ngay tr\u00ean m\u1ecdi n\u1ec1n t\u1ea3ng online !\" \/>\n<meta property=\"og:url\" content=\"https:\/\/interbuslines.com\/en\/contact-us\/\" \/>\n<meta property=\"og:site_name\" content=\"Daily Sleeping Bus from Hanoi - Lao Cai - Sapa\" \/>\n<meta property=\"article:modified_time\" content=\"2025-02-24T02:16:40+00:00\" \/>\n<meta property=\"og:image\" content=\"https:\/\/interbuslines.com\/en\/wp-content\/uploads\/2025\/02\/CoverFinal254.jpg\" \/>\n\t<meta property=\"og:image:width\" content=\"1920\" \/>\n\t<meta property=\"og:image:height\" content=\"1280\" \/>\n\t<meta property=\"og:image:type\" content=\"image\/jpeg\" \/>\n<meta name=\"twitter:card\" content=\"summary_large_image\" \/>\n<meta name=\"twitter:label1\" content=\"Est. reading time\" \/>\n\t<meta name=\"twitter:data1\" content=\"1 minute\" \/>\n<script type=\"application\/ld+json\" class=\"yoast-schema-graph\">{\"@context\":\"https:\/\/schema.org\",\"@graph\":[{\"@type\":\"WebPage\",\"@id\":\"https:\/\/interbuslines.com\/en\/contact-us\/\",\"url\":\"https:\/\/interbuslines.com\/en\/contact-us\/\",\"name\":\"Contact us - Daily Sleeping Bus from Hanoi - Lao Cai - Sapa\",\"isPartOf\":{\"@id\":\"https:\/\/interbuslines.com\/en\/#website\"},\"primaryImageOfPage\":{\"@id\":\"https:\/\/interbuslines.com\/en\/contact-us\/#primaryimage\"},\"image\":{\"@id\":\"https:\/\/interbuslines.com\/en\/contact-us\/#primaryimage\"},\"thumbnailUrl\":\"https:\/\/interbuslines.com\/en\/wp-content\/uploads\/2025\/02\/CoverFinal254.jpg\",\"datePublished\":\"2025-02-12T09:24:54+00:00\",\"dateModified\":\"2025-02-24T02:16:40+00:00\",\"description\":\"B\u1ea1n \u0111ang c\u1ea7n h\u1ed7 tr\u1ee3 , t\u01b0 v\u1ea5n \u0111\u1eb7t V\u00e9 Xe , Tour Du L\u1ecbch Sapa ?!! Li\u00ean H\u1ec7 Inter Bus ngay tr\u00ean m\u1ecdi n\u1ec1n t\u1ea3ng online !\",\"breadcrumb\":{\"@id\":\"https:\/\/interbuslines.com\/en\/contact-us\/#breadcrumb\"},\"inLanguage\":\"en-US\",\"potentialAction\":[{\"@type\":\"ReadAction\",\"target\":[\"https:\/\/interbuslines.com\/en\/contact-us\/\"]}]},{\"@type\":\"ImageObject\",\"inLanguage\":\"en-US\",\"@id\":\"https:\/\/interbuslines.com\/en\/contact-us\/#primaryimage\",\"url\":\"https:\/\/interbuslines.com\/en\/wp-content\/uploads\/2025\/02\/CoverFinal254.jpg\",\"contentUrl\":\"https:\/\/interbuslines.com\/en\/wp-content\/uploads\/2025\/02\/CoverFinal254.jpg\",\"width\":1920,\"height\":1280},{\"@type\":\"BreadcrumbList\",\"@id\":\"https:\/\/interbuslines.com\/en\/contact-us\/#breadcrumb\",\"itemListElement\":[{\"@type\":\"ListItem\",\"position\":1,\"name\":\"Home\",\"item\":\"https:\/\/interbuslines.com\/en\/\"},{\"@type\":\"ListItem\",\"position\":2,\"name\":\"Contact us\"}]},{\"@type\":\"WebSite\",\"@id\":\"https:\/\/interbuslines.com\/en\/#website\",\"url\":\"https:\/\/interbuslines.com\/en\/\",\"name\":\"Daily Sleeping Bus from Hanoi - Lao Cai - Sapa\",\"description\":\"sapa , xe sapa, tour sapa\",\"publisher\":{\"@id\":\"https:\/\/interbuslines.com\/en\/#organization\"},\"potentialAction\":[{\"@type\":\"SearchAction\",\"target\":{\"@type\":\"EntryPoint\",\"urlTemplate\":\"https:\/\/interbuslines.com\/en\/?s={search_term_string}\"},\"query-input\":{\"@type\":\"PropertyValueSpecification\",\"valueRequired\":true,\"valueName\":\"search_term_string\"}}],\"inLanguage\":\"en-US\"},{\"@type\":\"Organization\",\"@id\":\"https:\/\/interbuslines.com\/en\/#organization\",\"name\":\"Daily Sleeping Bus from Hanoi - Lao Cai - Sapa\",\"url\":\"https:\/\/interbuslines.com\/en\/\",\"logo\":{\"@type\":\"ImageObject\",\"inLanguage\":\"en-US\",\"@id\":\"https:\/\/interbuslines.com\/en\/#\/schema\/logo\/image\/\",\"url\":\"https:\/\/interbuslines.com\/en\/wp-content\/uploads\/2025\/02\/cropped-Inter-Logo-Fan.png\",\"contentUrl\":\"https:\/\/interbuslines.com\/en\/wp-content\/uploads\/2025\/02\/cropped-Inter-Logo-Fan.png\",\"width\":1708,\"height\":1703,\"caption\":\"Daily Sleeping Bus from Hanoi - Lao Cai - Sapa\"},\"image\":{\"@id\":\"https:\/\/interbuslines.com\/en\/#\/schema\/logo\/image\/\"}}]}<\/script>\n<!-- \/ Yoast SEO plugin. -->","yoast_head_json":{"title":"Contact us - Daily Sleeping Bus from Hanoi - Lao Cai - Sapa","description":"B\u1ea1n \u0111ang c\u1ea7n h\u1ed7 tr\u1ee3 , t\u01b0 v\u1ea5n \u0111\u1eb7t V\u00e9 Xe , Tour Du L\u1ecbch Sapa ?!! Li\u00ean H\u1ec7 Inter Bus ngay tr\u00ean m\u1ecdi n\u1ec1n t\u1ea3ng online !","robots":{"index":"index","follow":"follow","max-snippet":"max-snippet:-1","max-image-preview":"max-image-preview:large","max-video-preview":"max-video-preview:-1"},"canonical":"https:\/\/interbuslines.com\/en\/contact-us\/","og_locale":"en_US","og_type":"article","og_title":"Contact us - Daily Sleeping Bus from Hanoi - Lao Cai - Sapa","og_description":"B\u1ea1n \u0111ang c\u1ea7n h\u1ed7 tr\u1ee3 , t\u01b0 v\u1ea5n \u0111\u1eb7t V\u00e9 Xe , Tour Du L\u1ecbch Sapa ?!! Li\u00ean H\u1ec7 Inter Bus ngay tr\u00ean m\u1ecdi n\u1ec1n t\u1ea3ng online !","og_url":"https:\/\/interbuslines.com\/en\/contact-us\/","og_site_name":"Daily Sleeping Bus from Hanoi - Lao Cai - Sapa","article_modified_time":"2025-02-24T02:16:40+00:00","og_image":[{"width":1920,"height":1280,"url":"https:\/\/interbuslines.com\/en\/wp-content\/uploads\/2025\/02\/CoverFinal254.jpg","type":"image\/jpeg"}],"twitter_card":"summary_large_image","twitter_misc":{"Est. reading time":"1 minute"},"schema":{"@context":"https:\/\/schema.org","@graph":[{"@type":"WebPage","@id":"https:\/\/interbuslines.com\/en\/contact-us\/","url":"https:\/\/interbuslines.com\/en\/contact-us\/","name":"Contact us - Daily Sleeping Bus from Hanoi - Lao Cai - Sapa","isPartOf":{"@id":"https:\/\/interbuslines.com\/en\/#website"},"primaryImageOfPage":{"@id":"https:\/\/interbuslines.com\/en\/contact-us\/#primaryimage"},"image":{"@id":"https:\/\/interbuslines.com\/en\/contact-us\/#primaryimage"},"thumbnailUrl":"https:\/\/interbuslines.com\/en\/wp-content\/uploads\/2025\/02\/CoverFinal254.jpg","datePublished":"2025-02-12T09:24:54+00:00","dateModified":"2025-02-24T02:16:40+00:00","description":"B\u1ea1n \u0111ang c\u1ea7n h\u1ed7 tr\u1ee3 , t\u01b0 v\u1ea5n \u0111\u1eb7t V\u00e9 Xe , Tour Du L\u1ecbch Sapa ?!! Li\u00ean H\u1ec7 Inter Bus ngay tr\u00ean m\u1ecdi n\u1ec1n t\u1ea3ng online !","breadcrumb":{"@id":"https:\/\/interbuslines.com\/en\/contact-us\/#breadcrumb"},"inLanguage":"en-US","potentialAction":[{"@type":"ReadAction","target":["https:\/\/interbuslines.com\/en\/contact-us\/"]}]},{"@type":"ImageObject","inLanguage":"en-US","@id":"https:\/\/interbuslines.com\/en\/contact-us\/#primaryimage","url":"https:\/\/interbuslines.com\/en\/wp-content\/uploads\/2025\/02\/CoverFinal254.jpg","contentUrl":"https:\/\/interbuslines.com\/en\/wp-content\/uploads\/2025\/02\/CoverFinal254.jpg","width":1920,"height":1280},{"@type":"BreadcrumbList","@id":"https:\/\/interbuslines.com\/en\/contact-us\/#breadcrumb","itemListElement":[{"@type":"ListItem","position":1,"name":"Home","item":"https:\/\/interbuslines.com\/en\/"},{"@type":"ListItem","position":2,"name":"Contact us"}]},{"@type":"WebSite","@id":"https:\/\/interbuslines.com\/en\/#website","url":"https:\/\/interbuslines.com\/en\/","name":"Daily Sleeping Bus from Hanoi - Lao Cai - Sapa","description":"sapa , xe sapa, tour sapa","publisher":{"@id":"https:\/\/interbuslines.com\/en\/#organization"},"potentialAction":[{"@type":"SearchAction","target":{"@type":"EntryPoint","urlTemplate":"https:\/\/interbuslines.com\/en\/?s={search_term_string}"},"query-input":{"@type":"PropertyValueSpecification","valueRequired":true,"valueName":"search_term_string"}}],"inLanguage":"en-US"},{"@type":"Organization","@id":"https:\/\/interbuslines.com\/en\/#organization","name":"Daily Sleeping Bus from Hanoi - Lao Cai - Sapa","url":"https:\/\/interbuslines.com\/en\/","logo":{"@type":"ImageObject","inLanguage":"en-US","@id":"https:\/\/interbuslines.com\/en\/#\/schema\/logo\/image\/","url":"https:\/\/interbuslines.com\/en\/wp-content\/uploads\/2025\/02\/cropped-Inter-Logo-Fan.png","contentUrl":"https:\/\/interbuslines.com\/en\/wp-content\/uploads\/2025\/02\/cropped-Inter-Logo-Fan.png","width":1708,"height":1703,"caption":"Daily Sleeping Bus from Hanoi - Lao Cai - Sapa"},"image":{"@id":"https:\/\/interbuslines.com\/en\/#\/schema\/logo\/image\/"}}]}},"_links":{"self":[{"href":"https:\/\/interbuslines.com\/en\/wp-json\/wp\/v2\/pages\/18","targetHints":{"allow":["GET"]}}],"collection":[{"href":"https:\/\/interbuslines.com\/en\/wp-json\/wp\/v2\/pages"}],"about":[{"href":"https:\/\/interbuslines.com\/en\/wp-json\/wp\/v2\/types\/page"}],"author":[{"embeddable":true,"href":"https:\/\/interbuslines.com\/en\/wp-json\/wp\/v2\/users\/1"}],"replies":[{"embeddable":true,"href":"https:\/\/interbuslines.com\/en\/wp-json\/wp\/v2\/comments?post=18"}],"version-history":[{"count":5,"href":"https:\/\/interbuslines.com\/en\/wp-json\/wp\/v2\/pages\/18\/revisions"}],"predecessor-version":[{"id":148,"href":"https:\/\/interbuslines.com\/en\/wp-json\/wp\/v2\/pages\/18\/revisions\/148"}],"wp:featuredmedia":[{"embeddable":true,"href":"https:\/\/interbuslines.com\/en\/wp-json\/wp\/v2\/media\/103"}],"wp:attachment":[{"href":"https:\/\/interbuslines.com\/en\/wp-json\/wp\/v2\/media?parent=18"}],"curies":[{"name":"wp","href":"https:\/\/api.w.org\/{rel}","templated":true}]}}